{"id":38974,"date":"2022-02-22T12:44:56","date_gmt":"2022-02-22T11:44:56","guid":{"rendered":"https:\/\/brickworld.online\/produkt\/diorama-a-day-at-the-beach-cs10104\/"},"modified":"2022-02-22T12:44:56","modified_gmt":"2022-02-22T11:44:56","slug":"diorama-a-day-at-the-beach-cs10104","status":"publish","type":"product","link":"https:\/\/brickworld.online\/en\/produkt\/diorama-a-day-at-the-beach-cs10104\/","title":{"rendered":"Diorama &#8220;A Day at the Beach&#8221; (CS10104)"},"content":{"rendered":"","protected":false},"excerpt":{"rendered":"<p>With the &#8220;A Day at the Beach&#8221; custom set, you can create a scene from Brick World in your own home with 95 bricks and 1 minifigure. It also includes an extra printed 2&#215;4 tile with the Brick World logo. After purchase, you will receive the instructions for assembly as a PDF file.  <\/p>\n<p>This set consists entirely of original LEGO\u00ae parts in a unique new combination. We try to use flawless bricks, but there may be minor damage due to sorting, packaging and transportation. <\/p>\n<p><!--<span style=\"color: #ff0000;\"><strong>Da der Ansturm auf die neuen Brick World Sets immer sehr gro\u00df ist, gibt es nun die M\u00f6glichkeit der Vorbestellung! Damit k\u00f6nnt ihr komplette Bestellungen aufgeben, ohne R\u00fccksicht auf den aktuellen Bestand nehmen zu m\u00fcssen! Eure Sets werden dann nach Zahlung produziert und alles zusammen in einem Paket so schnell wie m\u00f6glich verschickt!<\/strong><\/span>--><\/p>\n","protected":false},"featured_media":38212,"template":"","meta":[],"product_brand":[],"product_cat":[478],"product_tag":[],"class_list":{"0":"post-38974","1":"product","2":"type-product","3":"status-publish","4":"has-post-thumbnail","6":"product_cat-dioramas","9":"first","10":"instock","11":"sale","12":"downloadable","13":"taxable","14":"shipping-taxable","15":"purchasable","16":"product-type-simple"},"tiered_pricing_type":"fixed","tiered_pricing_fixed_rules":[],"tiered_pricing_product_settings":{"layout":"default","base_unit_name":{"singular":null,"plural":null},"default_variation":null},"tiered_pricing_minimum_quantity":null,"tiered_pricing_roles_data":[],"tiered_pricing_percentage_rules":[],"_links":{"self":[{"href":"https:\/\/brickworld.online\/en\/wp-json\/wp\/v2\/product\/38974","targetHints":{"allow":["GET"]}}],"collection":[{"href":"https:\/\/brickworld.online\/en\/wp-json\/wp\/v2\/product"}],"about":[{"href":"https:\/\/brickworld.online\/en\/wp-json\/wp\/v2\/types\/product"}],"wp:featuredmedia":[{"embeddable":true,"href":"https:\/\/brickworld.online\/en\/wp-json\/wp\/v2\/media\/38212"}],"wp:attachment":[{"href":"https:\/\/brickworld.online\/en\/wp-json\/wp\/v2\/media?parent=38974"}],"wp:term":[{"taxonomy":"product_brand","embeddable":true,"href":"https:\/\/brickworld.online\/en\/wp-json\/wp\/v2\/product_brand?post=38974"},{"taxonomy":"product_cat","embeddable":true,"href":"https:\/\/brickworld.online\/en\/wp-json\/wp\/v2\/product_cat?post=38974"},{"taxonomy":"product_tag","embeddable":true,"href":"https:\/\/brickworld.online\/en\/wp-json\/wp\/v2\/product_tag?post=38974"}],"curies":[{"name":"wp","href":"https:\/\/api.w.org\/{rel}","templated":true}]}}